{"id":648,"date":"2024-08-06T14:09:06","date_gmt":"2024-08-06T12:09:06","guid":{"rendered":"https:\/\/kunden.benediktweiger.de\/wagner\/?page_id=648"},"modified":"2025-03-09T13:04:55","modified_gmt":"2025-03-09T12:04:55","slug":"impressum","status":"publish","type":"page","link":"https:\/\/kunden.benediktweiger.de\/wagner-designkultur\/impressum\/","title":{"rendered":"Impressum"},"content":{"rendered":"<section  class='av_textblock_section av-m6w0oh8b-7aee8edc61ee84614c7c2886df72413f '   itemscope=\"itemscope\" itemtype=\"https:\/\/schema.org\/CreativeWork\" ><div class='avia_textblock'  itemprop=\"text\" ><p>IMPRESSUM<br \/>\n\u200b<br \/>\nInformationspflicht laut \u00a7 5 TMG<\/p>\n<p>Wagner Designkultur \u00a9 2016<br \/>\nOlga Wagner<\/p>\n<p>Karlstra\u00dfe 43<br \/>\n79104 Freiburg im Breisgau, Deutschland<\/p>\n<p>Tel.:\u00a0 \u00a0 \u00a0 +49 761 59511393<br \/>\nMobil.: +49 157 50775885<br \/>\nE-Mail: ow@wagner-designkultur.de<\/p>\n<p>Aufsichtsbeh\u00f6rde<br \/>\nArchitektenkammer und zust\u00e4ndige Aufsichtsbeh\u00f6rde<\/p>\n<p>Webseite der Aufsichtsbeh\u00f6rde<\/p>\n<p>www.akbw.de<\/p>\n<p>Anschrift der Aufsichtsbeh\u00f6rde<br \/>\nArchitektenkammer Baden-W\u00fcrttemberg<br \/>\nDanneckerstra\u00dfe 54<\/p>\n<p>70182 Stuttgart<\/p>\n<p>Berufsbezeichnung:<\/p>\n<p>MA Innenarchitektin<\/p>\n<p>Innenarchitektin bdia<\/p>\n<p>\u200b<\/p>\n<p>Mitglied der Architektenkammer Baden W\u00fcrttemberg<\/p>\n<p>\u200b<\/p>\n<p>Mitglied beim Bund deutscher Innenarchitekten<\/p>\n<p>\u200b<\/p>\n<p>Haftungsausschluss<br \/>\nHaftung f\u00fcr Inhalte dieser Website<\/p>\n<p>Wir entwickeln die Inhalte dieser Webseite st\u00e4ndig weiter und bem\u00fchen uns korrekte und aktuelle Informationen bereitzustellen. Laut Telemediengesetz (TMG) \u00a77 (1) sind wir als Diensteanbieter f\u00fcr eigene Informationen, die wir zur Nutzung bereitstellen, nach den allgemeinen Gesetzen verantwortlich. Leider k\u00f6nnen wir keine Haftung f\u00fcr die Korrektheit aller Inhalte auf dieser Webseite \u00fcbernehmen, speziell f\u00fcr jene die seitens Dritter bereitgestellt wurden. Als Diensteanbieter im Sinne der \u00a7\u00a7 8 bis 10 sind wir nicht verpflichtet, die von ihnen \u00fcbermittelten oder gespeicherten Informationen zu \u00fcberwachen oder nach Umst\u00e4nden zu forschen, die auf eine rechtswidrige T\u00e4tigkeit hinweisen.<br \/>\nUnsere Verpflichtungen zur Entfernung von Informationen oder zur Sperrung der Nutzung von Informationen nach den allgemeinen Gesetzen aufgrund von gerichtlichen oder beh\u00f6rdlichen Anordnungen bleiben auch im Falle unserer Nichtverantwortlichkeit nach den \u00a7\u00a7 8 bis 10 unber\u00fchrt.<br \/>\nSollten Ihnen problematische oder rechtswidrige Inhalte auffallen, bitte wir Sie uns umgehend zu kontaktieren, damit wir die rechtswidrigen Inhalte entfernen k\u00f6nnen. Sie finden die Kontaktdaten im Impressum.<\/p>\n<p>Haftung f\u00fcr Links auf dieser Website<\/p>\n<p>Unsere Webseite enth\u00e4lt Links zu anderen Webseiten f\u00fcr deren Inhalt wir nicht verantwortlich sind. Haftung f\u00fcr verlinkte Websites besteht f\u00fcr uns nicht, da wir keine Kenntnis rechtswidriger T\u00e4tigkeiten hatten und haben, uns solche Rechtswidrigkeiten auch bisher nicht aufgefallen sind und wir Links sofort entfernen w\u00fcrden, wenn uns Rechtswidrigkeiten bekannt werden.<br \/>\nWenn Ihnen rechtswidrige Links auf unserer Website auffallen, bitte wir Sie uns zu kontaktieren. Sie finden die Kontaktdaten im Impressum.<\/p>\n<p>Urheberrechtshinweis<\/p>\n<p>Alle Inhalte dieser Webseite (Bilder, Fotos, Texte, Videos) unterliegen dem Urheberrecht der Bundesrepublik Deutschland. Bitte fragen Sie uns bevor Sie die Inhalte dieser Website verbreiten, vervielf\u00e4ltigen oder verwerten wie zum Beispiel auf anderen Websites erneut ver\u00f6ffentlichen. Falls notwendig, werden wir die unerlaubte Nutzung von Teilen der Inhalte unserer Seite rechtlich verfolgen.<br \/>\nSollten Sie auf dieser Webseite Inhalte finden, die das Urheberrecht verletzen, bitten wir Sie uns zu kontaktieren.<\/p>\n<p>Bildernachweis<\/p>\n<p>Die Bilder, Fotos und Grafiken auf dieser Webseite sind urheberrechtlich gesch\u00fctzt.<br \/>\nF\u00fcr alle Bilder liegen die Rechte bei Wagner Designkultur \u00a9.<\/p>\n<p>Gestaltung und technische Umsetzung<\/p>\n<p>Olga Wagner<br \/>\nKarlstra\u00dfe 43<\/p>\n<p>79104 Freiburg im Breisgau, Deutschland<\/p>\n<p>sw(-at-)wagner-designkultur.de<\/p>\n<p>\u200b<\/p>\n<\/div><\/section>\n","protected":false},"excerpt":{"rendered":"","protected":false},"author":1,"featured_media":0,"parent":0,"menu_order":0,"comment_status":"closed","ping_status":"open","template":"","meta":{"footnotes":""},"class_list":["post-648","page","type-page","status-publish","hentry"],"_links":{"self":[{"href":"https:\/\/kunden.benediktweiger.de\/wagner-designkultur\/wp-json\/wp\/v2\/pages\/648","targetHints":{"allow":["GET"]}}],"collection":[{"href":"https:\/\/kunden.benediktweiger.de\/wagner-designkultur\/wp-json\/wp\/v2\/pages"}],"about":[{"href":"https:\/\/kunden.benediktweiger.de\/wagner-designkultur\/wp-json\/wp\/v2\/types\/page"}],"author":[{"embeddable":true,"href":"https:\/\/kunden.benediktweiger.de\/wagner-designkultur\/wp-json\/wp\/v2\/users\/1"}],"replies":[{"embeddable":true,"href":"https:\/\/kunden.benediktweiger.de\/wagner-designkultur\/wp-json\/wp\/v2\/comments?post=648"}],"version-history":[{"count":5,"href":"https:\/\/kunden.benediktweiger.de\/wagner-designkultur\/wp-json\/wp\/v2\/pages\/648\/revisions"}],"predecessor-version":[{"id":3998,"href":"https:\/\/kunden.benediktweiger.de\/wagner-designkultur\/wp-json\/wp\/v2\/pages\/648\/revisions\/3998"}],"wp:attachment":[{"href":"https:\/\/kunden.benediktweiger.de\/wagner-designkultur\/wp-json\/wp\/v2\/media?parent=648"}],"curies":[{"name":"wp","href":"https:\/\/api.w.org\/{rel}","templated":true}]}}