{"id":2433,"date":"2024-10-03T16:23:29","date_gmt":"2024-10-03T14:23:29","guid":{"rendered":"https:\/\/kunden.benediktweiger.de\/wagner-designkultur\/?page_id=2433"},"modified":"2025-03-06T18:13:10","modified_gmt":"2025-03-06T17:13:10","slug":"das-magazin","status":"publish","type":"page","link":"https:\/\/kunden.benediktweiger.de\/wagner-designkultur\/das-magazin\/","title":{"rendered":"Das Magazin"},"content":{"rendered":"\n<style type=\"text\/css\" data-created_by=\"avia_inline_auto\" id=\"style-css-av-m1ktnp7u-703d14763cf984552af1066af00d2384\">\n.avia-section.av-m1ktnp7u-703d14763cf984552af1066af00d2384{\nbackground-color:#ffda00;\nbackground:linear-gradient( to bottom right, #ffda00, #dcba00 );\n}\n#top .avia-section.av-m1ktnp7u-703d14763cf984552af1066af00d2384 .scroll-down-link{\ncolor:#ffda00;\n}\n.avia-section.av-m1ktnp7u-703d14763cf984552af1066af00d2384 .av-extra-border-element .av-extra-border-inner{\nbackground-color:#ffffff;\n}\n<\/style>\n<div id='av_section_1'  class='avia-section av-m1ktnp7u-703d14763cf984552af1066af00d2384 header_color avia-section-no-padding avia-no-border-styling  avia-builder-el-0  el_before_av_textblock  avia-builder-el-first  avia-bg-style-scroll av-minimum-height av-minimum-height-50 av-height-percent  container_wrap fullsize'   data-av_minimum_height_pc='50' data-av_min_height_opt='percent'><div class=\"av-section-color-overlay-wrap\"><a href='#next-section' title='' class='scroll-down-link av-custom-scroll-down-color' aria-hidden='true' data-av_icon='\ue877' data-av_iconfont='entypo-fontello'><\/a><div class='container av-section-cont-open' ><main  role=\"main\" itemprop=\"mainContentOfPage\"  class='template-page content  av-content-full alpha units'><div class='post-entry post-entry-type-page post-entry-2433'><div class='entry-content-wrapper clearfix'>\n\n<style type=\"text\/css\" data-created_by=\"avia_inline_auto\" id=\"style-css-av-45hogj-6ef2de74fb02fb4a600c88095e6cb720\">\n.flex_column.av-45hogj-6ef2de74fb02fb4a600c88095e6cb720{\nborder-radius:0px 0px 0px 0px;\npadding:0px 0px 0px 0px;\n}\n<\/style>\n<div  class='flex_column av-45hogj-6ef2de74fb02fb4a600c88095e6cb720 av_one_full  avia-builder-el-1  avia-builder-el-no-sibling  first flex_column_div av-animated-generic pop-up av-zero-column-padding  '     ><style type=\"text\/css\" data-created_by=\"avia_inline_auto\" id=\"style-css-av-m1ktnhbs-0e56566345a28a7fdc6d8c7e09378521\">\n#top .av_textblock_section.av-m1ktnhbs-0e56566345a28a7fdc6d8c7e09378521 .avia_textblock{\nfont-size:20px;\ncolor:#000000;\n}\n\n@media only screen and (min-width: 990px){ \n#top .av_textblock_section.av-m1ktnhbs-0e56566345a28a7fdc6d8c7e09378521 .avia_textblock{\nfont-size:20px;\n}\n}\n\n@media only screen and (min-width: 768px) and (max-width: 989px){ \n#top .av_textblock_section.av-m1ktnhbs-0e56566345a28a7fdc6d8c7e09378521 .avia_textblock{\nfont-size:20px;\n}\n}\n\n@media only screen and (min-width: 480px) and (max-width: 767px){ \n#top .av_textblock_section.av-m1ktnhbs-0e56566345a28a7fdc6d8c7e09378521 .avia_textblock{\nfont-size:20px;\n}\n}\n\n@media only screen and (max-width: 479px){ \n#top .av_textblock_section.av-m1ktnhbs-0e56566345a28a7fdc6d8c7e09378521 .avia_textblock{\nfont-size:20px;\n}\n}\n<\/style>\n<section  class='av_textblock_section av-m1ktnhbs-0e56566345a28a7fdc6d8c7e09378521 '   itemscope=\"itemscope\" itemtype=\"https:\/\/schema.org\/CreativeWork\" ><div class='avia_textblock ow--small--stage av_inherit_color'  itemprop=\"text\" ><div class=\"page\" title=\"Page 1\">\n<div class=\"section\">\n<div class=\"layoutArea\">\n<div class=\"column\">\n<div class=\"page\" title=\"Page 1\">\n<div class=\"section\">\n<div class=\"layoutArea\">\n<div class=\"column\">\n<h1 style=\"text-align: center;\"><strong>Das Magazin \u2013 Inspiration, Wissen &amp; Einblicke<\/strong><\/h1>\n<\/div>\n<\/div>\n<\/div>\n<\/div>\n<\/div>\n<\/div>\n<\/div>\n<\/div>\n<\/div><\/section><\/div><\/div><\/div><\/main><!-- close content main element --><\/div><div class='av-extra-border-element border-extra-diagonal border-extra-diagonal-inverse '><div class='av-extra-border-outer'><div class='av-extra-border-inner'><\/div><\/div><\/div><\/div><\/div><div id='after_section_1'  class='main_color av_default_container_wrap container_wrap fullsize'  ><div class='container av-section-cont-open' ><div class='template-page content  av-content-full alpha units'><div class='post-entry post-entry-type-page post-entry-2433'><div class='entry-content-wrapper clearfix'>\n<style type=\"text\/css\" data-created_by=\"avia_inline_auto\" id=\"style-css-av-jkmanyih-44-8f0d738d484d1c5f33c5ac4fb625536f\">\n#top .av_textblock_section.av-jkmanyih-44-8f0d738d484d1c5f33c5ac4fb625536f .avia_textblock{\nfont-size:20px;\ncolor:#000000;\n}\n<\/style>\n<section  class='av_textblock_section av-jkmanyih-44-8f0d738d484d1c5f33c5ac4fb625536f '   itemscope=\"itemscope\" itemtype=\"https:\/\/schema.org\/CreativeWork\" ><div class='avia_textblock av_inherit_color'  itemprop=\"text\" ><p style=\"text-align: center;\"><strong>Innenarchitektur ist mehr als Gestaltung \u2013 sie beeinflusst, inspiriert und begleitet uns im Alltag. In unserem Magazin teilen wir Einblicke in spannende Projekte, reisen zu Designmessen und erkunden architektonische Highlights. Wir besch\u00e4ftigen uns mit Themen, die R\u00e4ume pr\u00e4gen \u2013 von gestalterischen Trends bis hin zu innovativen Konzepten f\u00fcr eine zukunftsf\u00e4hige Innenarchitektur.<\/strong><\/p>\n<p style=\"text-align: center;\"><strong>Begleiten Sie uns auf dieser Reise durch Design, Architektur und kreative Impulse.<\/strong><\/p>\n<\/div><\/section><\/p>\n\n<style type=\"text\/css\" data-created_by=\"avia_inline_auto\" id=\"style-css-av-2yl2ld-70cc3c8d08185394eec42ec2ae589746\">\n#top .av-masonry.av-2yl2ld-70cc3c8d08185394eec42ec2ae589746{\nbackground-color:#ffffff;\n}\n<\/style>\n<div id='av-masonry-1' class='av-masonry av-2yl2ld-70cc3c8d08185394eec42ec2ae589746 noHover av-fixed-size av-large-gap av-hover-overlay-active av-masonry-animation-active av-masonry-col-4 av-caption-on-hover-hide av-caption-style-overlay av-masonry-entries av-desktop-columns-overwrite av-desktop-columns-4 av-orientation-square ' data-post_id=\"2433\"><div class='av-masonry-sort main_color av-sort-yes-tax' data-masonry-id='1' ><div class='av-current-sort-title'><span class=\"inner_sort_button\"><span>Alle<\/span><small class=\"avia-term-count\"> 7 <\/small><\/span><\/div><div class='av-sort-by-term  ' data-av-allowed-sort='[\"blogbeitrag_sort\",\"projekt_sort\"]' ><a href=\"#\" data-filter=\"all_sort\" class=\"all_sort_button active_sort\"><span class=\"inner_sort_button\"><span>Alle<\/span><small class=\"avia-term-count\"> 7 <\/small><\/span><\/a><span class='text-sep blogbeitrag_sort_sep avia_show_sort'>\/<\/span><a href=\"#\" data-filter=\"blogbeitrag_sort\" class=\"blogbeitrag_sort_button avia_show_sort\" ><span class=\"inner_sort_button\"><span>Blogbeitrag<\/span><small class='avia-term-count'> 3 <\/small><\/span><\/a><span class='text-sep projekt_sort_sep avia_show_sort'>\/<\/span><a href=\"#\" data-filter=\"projekt_sort\" class=\"projekt_sort_button avia_show_sort\" ><span class=\"inner_sort_button\"><span>Projekt<\/span><small class='avia-term-count'> 4 <\/small><\/span><\/a><\/div><\/div><div class=\"av-masonry-container isotope av-js-disabled\"><div class='av-masonry-entry isotope-item av-masonry-item-no-image all_sort projekt_sort  blogbeitrag_sort '><\/div><a href=\"https:\/\/kunden.benediktweiger.de\/wagner-designkultur\/portfolio-item\/nordisch-by-nature-2\/\"  id='av-masonry-1-item-3691' data-av-masonry-item='3691' class='av-masonry-entry isotope-item post-3691 portfolio type-portfolio status-publish has-post-thumbnail hentry portfolio_entries-projekt all_sort projekt_sort  av-masonry-item-with-image' title=\"innenarchitektur-planung-skizze-wandgrafik\"   itemscope=\"itemscope\" itemtype=\"https:\/\/schema.org\/CreativeWork\" ><div class='av-inner-masonry-sizer'><\/div><figure class='av-inner-masonry main_color'><div class=\"av-masonry-outerimage-container\"><div class='av-masonry-image-container' style=\"background-image: url(https:\/\/kunden.benediktweiger.de\/wagner-designkultur\/wp-content\/uploads\/2025\/02\/innenarchitektur-planung-skizze-wandgrafik-1500x1000.jpg);\"  title=\"innenarchitektur-planung-skizze-wandgrafik\" ><\/div><\/div><figcaption class='av-inner-masonry-content site-background'><div class='av-inner-masonry-content-pos'><div class='av-inner-masonry-content-pos-content'><div class='avia-arrow'><\/div><h3 class='av-masonry-entry-title entry-title '  itemprop=\"headline\" >AUSBILDUNGSZENTRUM \u2013 CAMPUS F\u00dcR TECHNISCHE BERUFE<\/h3><\/div><\/div><\/figcaption><\/figure><\/a><!--end av-masonry entry--><a href=\"https:\/\/kunden.benediktweiger.de\/wagner-designkultur\/portfolio-item\/betriebskantiene-treffpunkt-hafen\/\"  id='av-masonry-1-item-3179' data-av-masonry-item='3179' class='av-masonry-entry isotope-item post-3179 portfolio type-portfolio status-publish has-post-thumbnail hentry portfolio_entries-projekt all_sort projekt_sort  av-masonry-item-with-image' title=\"wagner-designkultur-innenarchitektur-kantine-1\"   itemscope=\"itemscope\" itemtype=\"https:\/\/schema.org\/CreativeWork\" ><div class='av-inner-masonry-sizer'><\/div><figure class='av-inner-masonry main_color'><div class=\"av-masonry-outerimage-container\"><div class='av-masonry-image-container' style=\"background-image: url(https:\/\/kunden.benediktweiger.de\/wagner-designkultur\/wp-content\/uploads\/2025\/01\/wagner-designkultur-innenarchitektur-kantine-1-1500x810.jpg);\"  title=\"wagner-designkultur-innenarchitektur-kantine-1\" ><\/div><\/div><figcaption class='av-inner-masonry-content site-background'><div class='av-inner-masonry-content-pos'><div class='av-inner-masonry-content-pos-content'><div class='avia-arrow'><\/div><h3 class='av-masonry-entry-title entry-title '  itemprop=\"headline\" >Betriebskantine \u201eTreffpunkt &#8211; Hafen\u201c<\/h3><\/div><\/div><\/figcaption><\/figure><\/a><!--end av-masonry entry--><a href=\"https:\/\/kunden.benediktweiger.de\/wagner-designkultur\/portfolio-item\/nordisch-by-nature\/\"  id='av-masonry-1-item-3132' data-av-masonry-item='3132' class='av-masonry-entry isotope-item post-3132 portfolio type-portfolio status-publish has-post-thumbnail hentry portfolio_entries-projekt all_sort projekt_sort  av-masonry-item-with-image' title=\"wagner-designkultur-innenarchitektur-coloplast-5\"   itemscope=\"itemscope\" itemtype=\"https:\/\/schema.org\/CreativeWork\" ><div class='av-inner-masonry-sizer'><\/div><figure class='av-inner-masonry main_color'><div class=\"av-masonry-outerimage-container\"><div class='av-masonry-image-container' style=\"background-image: url(https:\/\/kunden.benediktweiger.de\/wagner-designkultur\/wp-content\/uploads\/2025\/01\/wagner-designkultur-innenarchitektur-coloplast-5-1500x904.jpg);\"  title=\"wagner-designkultur-innenarchitektur-coloplast-5\" ><\/div><\/div><figcaption class='av-inner-masonry-content site-background'><div class='av-inner-masonry-content-pos'><div class='av-inner-masonry-content-pos-content'><div class='avia-arrow'><\/div><h3 class='av-masonry-entry-title entry-title '  itemprop=\"headline\" >NORDISCH BY NATURE<\/h3><\/div><\/div><\/figcaption><\/figure><\/a><!--end av-masonry entry--><a href=\"https:\/\/kunden.benediktweiger.de\/wagner-designkultur\/portfolio-item\/gesis-neue-arbeitswelten\/\"  id='av-masonry-1-item-2932' data-av-masonry-item='2932' class='av-masonry-entry isotope-item post-2932 portfolio type-portfolio status-publish has-post-thumbnail hentry portfolio_entries-projekt all_sort projekt_sort  av-masonry-item-with-image' title=\"wagner-designkultur-innenarchitektur-gesis-1\"   itemscope=\"itemscope\" itemtype=\"https:\/\/schema.org\/CreativeWork\" ><div class='av-inner-masonry-sizer'><\/div><figure class='av-inner-masonry main_color'><div class=\"av-masonry-outerimage-container\"><div class='av-masonry-image-container' style=\"background-image: url(https:\/\/kunden.benediktweiger.de\/wagner-designkultur\/wp-content\/uploads\/2025\/01\/wagner-designkultur-innenarchitektur-gesis-1-1500x1000.jpg);\"  title=\"wagner-designkultur-innenarchitektur-gesis-1\" ><\/div><\/div><figcaption class='av-inner-masonry-content site-background'><div class='av-inner-masonry-content-pos'><div class='av-inner-masonry-content-pos-content'><div class='avia-arrow'><\/div><h3 class='av-masonry-entry-title entry-title '  itemprop=\"headline\" >GESIS NEUE ARBEITSWELTEN<\/h3><\/div><\/div><\/figcaption><\/figure><\/a><!--end av-masonry entry--><a href=\"https:\/\/kunden.benediktweiger.de\/wagner-designkultur\/portfolio-item\/kopenhagen-3-days-of-design-teil-2\/\"  id='av-masonry-1-item-2562' data-av-masonry-item='2562' class='av-masonry-entry isotope-item post-2562 portfolio type-portfolio status-publish has-post-thumbnail hentry portfolio_entries-blogbeitrag all_sort blogbeitrag_sort  av-masonry-item-with-image' title=\"Kopenhagen-05\"   itemscope=\"itemscope\" itemtype=\"https:\/\/schema.org\/CreativeWork\" ><div class='av-inner-masonry-sizer'><\/div><figure class='av-inner-masonry main_color'><div class=\"av-masonry-outerimage-container\"><div class='av-masonry-image-container' style=\"background-image: url(https:\/\/kunden.benediktweiger.de\/wagner-designkultur\/wp-content\/uploads\/2024\/10\/Kopenhagen-05-1500x676.jpg);\"  title=\"Kopenhagen-05\" ><\/div><\/div><figcaption class='av-inner-masonry-content site-background'><div class='av-inner-masonry-content-pos'><div class='av-inner-masonry-content-pos-content'><div class='avia-arrow'><\/div><h3 class='av-masonry-entry-title entry-title '  itemprop=\"headline\" >Kopenhagen &#038; 3 DAYS OF DESIGN &#8211; Teil 2<\/h3><\/div><\/div><\/figcaption><\/figure><\/a><!--end av-masonry entry--><a href=\"https:\/\/kunden.benediktweiger.de\/wagner-designkultur\/portfolio-item\/kopenhagen-3-days-of-design-teil-1\/\"  id='av-masonry-1-item-2529' data-av-masonry-item='2529' class='av-masonry-entry isotope-item post-2529 portfolio type-portfolio status-publish has-post-thumbnail hentry portfolio_entries-blogbeitrag all_sort blogbeitrag_sort  av-masonry-item-with-image' title=\"Kopenhagen-00\"   itemscope=\"itemscope\" itemtype=\"https:\/\/schema.org\/CreativeWork\" ><div class='av-inner-masonry-sizer'><\/div><figure class='av-inner-masonry main_color'><div class=\"av-masonry-outerimage-container\"><div class='av-masonry-image-container' style=\"background-image: url(https:\/\/kunden.benediktweiger.de\/wagner-designkultur\/wp-content\/uploads\/2024\/10\/Kopenhagen-00-1500x675.jpg);\"  title=\"Kopenhagen-00\" ><\/div><\/div><figcaption class='av-inner-masonry-content site-background'><div class='av-inner-masonry-content-pos'><div class='av-inner-masonry-content-pos-content'><div class='avia-arrow'><\/div><h3 class='av-masonry-entry-title entry-title '  itemprop=\"headline\" >Kopenhagen &#038; 3 DAYS OF DESIGN &#8211; Teil 1<\/h3><\/div><\/div><\/figcaption><\/figure><\/a><!--end av-masonry entry--><a href=\"https:\/\/kunden.benediktweiger.de\/wagner-designkultur\/portfolio-item\/visuelle-barrierefreiheit\/\"  id='av-masonry-1-item-2530' data-av-masonry-item='2530' class='av-masonry-entry isotope-item post-2530 portfolio type-portfolio status-publish has-post-thumbnail hentry portfolio_entries-blogbeitrag all_sort blogbeitrag_sort  av-masonry-item-with-image' title=\"GenAIImage_07bc536c-7ab2-4e3a-a57d-9617e32007fd\"   itemscope=\"itemscope\" itemtype=\"https:\/\/schema.org\/CreativeWork\" ><div class='av-inner-masonry-sizer'><\/div><figure class='av-inner-masonry main_color'><div class=\"av-masonry-outerimage-container\"><div class='av-masonry-image-container' style=\"background-image: url(https:\/\/kunden.benediktweiger.de\/wagner-designkultur\/wp-content\/uploads\/2024\/10\/GenAIImage_07bc536c-7ab2-4e3a-a57d-9617e32007fd-1500x1500.jpeg);\"  title=\"GenAIImage_07bc536c-7ab2-4e3a-a57d-9617e32007fd\" ><\/div><\/div><figcaption class='av-inner-masonry-content site-background'><div class='av-inner-masonry-content-pos'><div class='av-inner-masonry-content-pos-content'><div class='avia-arrow'><\/div><h3 class='av-masonry-entry-title entry-title '  itemprop=\"headline\" >Visuelle Barrierefreiheit<\/h3><\/div><\/div><\/figcaption><\/figure><\/a><!--end av-masonry entry--><\/div><\/div>\n\n<style type=\"text\/css\" data-created_by=\"avia_inline_auto\" id=\"style-css-av-4z8nf-3161de12ca4bea13ebd1e1df508c9ee7\">\n#top .hr.av-4z8nf-3161de12ca4bea13ebd1e1df508c9ee7{\nmargin-top:20px;\nmargin-bottom:20px;\n}\n.hr.av-4z8nf-3161de12ca4bea13ebd1e1df508c9ee7 .hr-inner{\nwidth:0;\nborder-color:#ffffff;\n}\n<\/style>\n<div  class='hr av-4z8nf-3161de12ca4bea13ebd1e1df508c9ee7 hr-custom  avia-builder-el-5  el_after_av_masonry_entries  el_before_av_hr  avia-builder-el-first  ow--seperator hr-center hr-icon-no'><span class='hr-inner inner-border-av-border-none'><span class=\"hr-inner-style\"><\/span><\/span><\/div>\n\n<style type=\"text\/css\" data-created_by=\"avia_inline_auto\" id=\"style-css-av-8nz77-5c0c19645058d361df81219908d71299\">\n#top .hr.av-8nz77-5c0c19645058d361df81219908d71299{\nmargin-top:20px;\nmargin-bottom:20px;\n}\n.hr.av-8nz77-5c0c19645058d361df81219908d71299 .hr-inner{\nwidth:0;\nborder-color:#ffffff;\n}\n<\/style>\n<div  class='hr av-8nz77-5c0c19645058d361df81219908d71299 hr-custom  avia-builder-el-6  el_after_av_hr  avia-builder-el-last  ow--seperator hr-center hr-icon-no'><span class='hr-inner inner-border-av-border-none'><span class=\"hr-inner-style\"><\/span><\/span><\/div>\n","protected":false},"excerpt":{"rendered":"","protected":false},"author":1,"featured_media":0,"parent":0,"menu_order":0,"comment_status":"closed","ping_status":"closed","template":"","meta":{"footnotes":""},"class_list":["post-2433","page","type-page","status-publish","hentry"],"_links":{"self":[{"href":"https:\/\/kunden.benediktweiger.de\/wagner-designkultur\/wp-json\/wp\/v2\/pages\/2433","targetHints":{"allow":["GET"]}}],"collection":[{"href":"https:\/\/kunden.benediktweiger.de\/wagner-designkultur\/wp-json\/wp\/v2\/pages"}],"about":[{"href":"https:\/\/kunden.benediktweiger.de\/wagner-designkultur\/wp-json\/wp\/v2\/types\/page"}],"author":[{"embeddable":true,"href":"https:\/\/kunden.benediktweiger.de\/wagner-designkultur\/wp-json\/wp\/v2\/users\/1"}],"replies":[{"embeddable":true,"href":"https:\/\/kunden.benediktweiger.de\/wagner-designkultur\/wp-json\/wp\/v2\/comments?post=2433"}],"version-history":[{"count":30,"href":"https:\/\/kunden.benediktweiger.de\/wagner-designkultur\/wp-json\/wp\/v2\/pages\/2433\/revisions"}],"predecessor-version":[{"id":3892,"href":"https:\/\/kunden.benediktweiger.de\/wagner-designkultur\/wp-json\/wp\/v2\/pages\/2433\/revisions\/3892"}],"wp:attachment":[{"href":"https:\/\/kunden.benediktweiger.de\/wagner-designkultur\/wp-json\/wp\/v2\/media?parent=2433"}],"curies":[{"name":"wp","href":"https:\/\/api.w.org\/{rel}","templated":true}]}}